{"id":16,"date":"2018-10-04T07:26:35","date_gmt":"2018-10-04T07:26:35","guid":{"rendered":"http:\/\/tolisol.fr\/index.php\/testimonials\/"},"modified":"2026-03-04T07:59:36","modified_gmt":"2026-03-04T06:59:36","slug":"testimonials","status":"publish","type":"page","link":"https:\/\/tolisol.fr\/index.php\/testimonials\/","title":{"rendered":"Testimonials"},"content":{"rendered":"\t\t<div data-elementor-type=\"wp-post\" data-elementor-id=\"16\" class=\"elementor elementor-16\">\n\t\t\t\t\t\t<section class=\"elementor-section elementor-top-section elementor-element elementor-element-27ab4450 elementor-section-boxed elementor-section-height-default elementor-section-height-default\" data-id=\"27ab4450\" data-element_type=\"section\" data-e-type=\"section\" data-settings=\"{&quot;background_background&quot;:&quot;classic&quot;}\">\n\t\t\t\t\t\t\t<div class=\"elementor-background-overlay\"><\/div>\n\t\t\t\t\t\t\t<div class=\"elementor-container elementor-column-gap-no\">\n\t\t\t\t\t<div class=\"elementor-column elementor-col-100 elementor-top-column elementor-element elementor-element-4e7a75a1\" data-id=\"4e7a75a1\" data-element_type=\"column\" data-e-type=\"column\">\n\t\t\t<div class=\"elementor-widget-wrap elementor-element-populated\">\n\t\t\t\t\t\t<div class=\"elementor-element elementor-element-48689189 elementor-widget elementor-widget-heading\" data-id=\"48689189\" data-element_type=\"widget\" data-e-type=\"widget\" data-widget_type=\"heading.default\">\n\t\t\t\t<div class=\"elementor-widget-container\">\n\t\t\t\t\t<h6 class=\"elementor-heading-title elementor-size-default\">clients satisfaits<\/h6>\t\t\t\t<\/div>\n\t\t\t\t<\/div>\n\t\t\t\t<div class=\"elementor-element elementor-element-6b79298d elementor-widget elementor-widget-heading\" data-id=\"6b79298d\" data-element_type=\"widget\" data-e-type=\"widget\" data-widget_type=\"heading.default\">\n\t\t\t\t<div class=\"elementor-widget-container\">\n\t\t\t\t\t<h1 class=\"elementor-heading-title elementor-size-default\">T\u00e9moignages<\/h1>\t\t\t\t<\/div>\n\t\t\t\t<\/div>\n\t\t\t\t<div class=\"elementor-element elementor-element-54ea82f0 elementor-widget elementor-widget-heading\" data-id=\"54ea82f0\" data-element_type=\"widget\" data-e-type=\"widget\" data-widget_type=\"heading.default\">\n\t\t\t\t<div class=\"elementor-widget-container\">\n\t\t\t\t\t<h3 class=\"elementor-heading-title elementor-size-default\">Nous n'avons Pas Besoin de Parler! Nos Clients le Font Pour Nous<\/h3>\t\t\t\t<\/div>\n\t\t\t\t<\/div>\n\t\t\t\t<div class=\"elementor-element elementor-element-26669913 elementor-widget-divider--view-line elementor-widget elementor-widget-divider\" data-id=\"26669913\" data-element_type=\"widget\" data-e-type=\"widget\" data-widget_type=\"divider.default\">\n\t\t\t\t<div class=\"elementor-widget-container\">\n\t\t\t\t\t\t\t<div class=\"elementor-divider\">\n\t\t\t<span class=\"elementor-divider-separator\">\n\t\t\t\t\t\t<\/span>\n\t\t<\/div>\n\t\t\t\t\t\t<\/div>\n\t\t\t\t<\/div>\n\t\t\t\t\t<\/div>\n\t\t<\/div>\n\t\t\t\t\t<\/div>\n\t\t<\/section>\n\t\t\t\t<section class=\"elementor-section elementor-top-section elementor-element elementor-element-6cdebfae elementor-section-content-middle elementor-section-boxed elementor-section-height-default elementor-section-height-default\" data-id=\"6cdebfae\" data-element_type=\"section\" data-e-type=\"section\" data-settings=\"{&quot;background_background&quot;:&quot;classic&quot;}\">\n\t\t\t\t\t\t\t<div class=\"elementor-background-overlay\"><\/div>\n\t\t\t\t\t\t\t<div class=\"elementor-container elementor-column-gap-no\">\n\t\t\t\t\t<div class=\"elementor-column elementor-col-100 elementor-top-column elementor-element elementor-element-126b6d37\" data-id=\"126b6d37\" data-element_type=\"column\" data-e-type=\"column\">\n\t\t\t<div class=\"elementor-widget-wrap elementor-element-populated\">\n\t\t\t\t\t\t<section class=\"elementor-section elementor-inner-section elementor-element elementor-element-9c2479d elementor-section-boxed elementor-section-height-default elementor-section-height-default\" data-id=\"9c2479d\" data-element_type=\"section\" data-e-type=\"section\">\n\t\t\t\t\t\t<div class=\"elementor-container elementor-column-gap-no\">\n\t\t\t\t\t<div class=\"elementor-column elementor-col-50 elementor-inner-column elementor-element elementor-element-5b782bac\" data-id=\"5b782bac\" data-element_type=\"column\" data-e-type=\"column\" data-settings=\"{&quot;background_background&quot;:&quot;classic&quot;}\">\n\t\t\t<div class=\"elementor-widget-wrap elementor-element-populated\">\n\t\t\t\t\t\t<div class=\"elementor-element elementor-element-349addb0 elementor-widget elementor-widget-testimonial\" data-id=\"349addb0\" data-element_type=\"widget\" data-e-type=\"widget\" data-widget_type=\"testimonial.default\">\n\t\t\t\t<div class=\"elementor-widget-container\">\n\t\t\t\t\t\t\t<div class=\"elementor-testimonial-wrapper\">\n\t\t\t\t\t\t\t<div class=\"elementor-testimonial-content\">\"J\u2019ai sollicit\u00e9 Tolisol dans le cadre de la r\u00e9alisation d\u2019un garde-corps en fer forg\u00e9. De l\u2019\u00e9tude sur le terrain jusqu\u2019au montage final, un professionnalisme et un s\u00e9rieux exemplaires ont \u00e9t\u00e9 d\u00e9montr\u00e9s. Les prestations r\u00e9alis\u00e9es sont \u00e0 la hauteur des attentes : parfaites. Je recommande vivement cette entreprise. \"<\/div>\n\t\t\t\n\t\t\t\t\t\t<div class=\"elementor-testimonial-meta elementor-has-image elementor-testimonial-image-position-aside\">\n\t\t\t\t<div class=\"elementor-testimonial-meta-inner\">\n\t\t\t\t\t\t\t\t\t\t\t<div class=\"elementor-testimonial-image\">\n\t\t\t\t\t\t\t<img fetchpriority=\"high\" decoding=\"async\" width=\"1019\" height=\"1024\" src=\"https:\/\/tolisol.fr\/wp-content\/uploads\/2021\/10\/Capture-de\u0301cran-2021-10-11-a\u0300-21.57.02-1019x1024.png\" class=\"attachment-large size-large wp-image-1487\" alt=\"\" srcset=\"https:\/\/tolisol.fr\/wp-content\/uploads\/2021\/10\/Capture-de\u0301cran-2021-10-11-a\u0300-21.57.02-1019x1024.png 1019w, https:\/\/tolisol.fr\/wp-content\/uploads\/2021\/10\/Capture-de\u0301cran-2021-10-11-a\u0300-21.57.02-298x300.png 298w, https:\/\/tolisol.fr\/wp-content\/uploads\/2021\/10\/Capture-de\u0301cran-2021-10-11-a\u0300-21.57.02-150x150.png 150w, https:\/\/tolisol.fr\/wp-content\/uploads\/2021\/10\/Capture-de\u0301cran-2021-10-11-a\u0300-21.57.02-768x772.png 768w, https:\/\/tolisol.fr\/wp-content\/uploads\/2021\/10\/Capture-de\u0301cran-2021-10-11-a\u0300-21.57.02.png 1150w\" sizes=\"(max-width: 1019px) 100vw, 1019px\" \/>\t\t\t\t\t\t<\/div>\n\t\t\t\t\t\n\t\t\t\t\t\t\t\t\t\t<div class=\"elementor-testimonial-details\">\n\t\t\t\t\t\t\t\t\t\t\t\t\t\t<div class=\"elementor-testimonial-name\">Najib J.<\/div>\n\t\t\t\t\t\t\t\t\t\t\t\t\t\t\t\t\t\t\t<\/div>\n\t\t\t\t\t\t\t\t\t<\/div>\n\t\t\t<\/div>\n\t\t\t\t\t<\/div>\n\t\t\t\t\t\t<\/div>\n\t\t\t\t<\/div>\n\t\t\t\t\t<\/div>\n\t\t<\/div>\n\t\t\t\t<div class=\"elementor-column elementor-col-50 elementor-inner-column elementor-element elementor-element-2006777f\" data-id=\"2006777f\" data-element_type=\"column\" data-e-type=\"column\" data-settings=\"{&quot;background_background&quot;:&quot;classic&quot;}\">\n\t\t\t<div class=\"elementor-widget-wrap elementor-element-populated\">\n\t\t\t\t\t\t<div class=\"elementor-element elementor-element-4cb917e0 elementor-widget elementor-widget-testimonial\" data-id=\"4cb917e0\" data-element_type=\"widget\" data-e-type=\"widget\" data-widget_type=\"testimonial.default\">\n\t\t\t\t<div class=\"elementor-widget-container\">\n\t\t\t\t\t\t\t<div class=\"elementor-testimonial-wrapper\">\n\t\t\t\t\t\t\t<div class=\"elementor-testimonial-content\">\"Je suis tr\u00e8s satisfait du travail r\u00e9alis\u00e9 par l\u2019\u00e9quipe. Le s\u00e9rieux, la qualit\u00e9 d\u2019ex\u00e9cution et le respect des d\u00e9lais ont \u00e9t\u00e9 particuli\u00e8rement appr\u00e9ci\u00e9s. Une entreprise fiable que je recommande sans h\u00e9sitation.\"<\/div>\n\t\t\t\n\t\t\t\t\t\t<div class=\"elementor-testimonial-meta elementor-has-image elementor-testimonial-image-position-aside\">\n\t\t\t\t<div class=\"elementor-testimonial-meta-inner\">\n\t\t\t\t\t\t\t\t\t\t\t<div class=\"elementor-testimonial-image\">\n\t\t\t\t\t\t\t<img decoding=\"async\" width=\"1024\" height=\"683\" src=\"https:\/\/tolisol.fr\/wp-content\/uploads\/2021\/10\/pexels-daniel-xavier-1121796-1024x683.jpg\" class=\"attachment-large size-large wp-image-1375\" alt=\"K isolation calorifuge; youssef koussa ; isolation ; calorifuge ; travaux\" srcset=\"https:\/\/tolisol.fr\/wp-content\/uploads\/2021\/10\/pexels-daniel-xavier-1121796-1024x683.jpg 1024w, https:\/\/tolisol.fr\/wp-content\/uploads\/2021\/10\/pexels-daniel-xavier-1121796-300x200.jpg 300w, https:\/\/tolisol.fr\/wp-content\/uploads\/2021\/10\/pexels-daniel-xavier-1121796-768x512.jpg 768w\" sizes=\"(max-width: 1024px) 100vw, 1024px\" \/>\t\t\t\t\t\t<\/div>\n\t\t\t\t\t\n\t\t\t\t\t\t\t\t\t\t<div class=\"elementor-testimonial-details\">\n\t\t\t\t\t\t\t\t\t\t\t\t\t\t<div class=\"elementor-testimonial-name\">Xavier C.<\/div>\n\t\t\t\t\t\t\t\t\t\t\t\t\t\t\t\t\t\t\t<\/div>\n\t\t\t\t\t\t\t\t\t<\/div>\n\t\t\t<\/div>\n\t\t\t\t\t<\/div>\n\t\t\t\t\t\t<\/div>\n\t\t\t\t<\/div>\n\t\t\t\t<div class=\"elementor-element elementor-element-910d027 elementor-widget elementor-widget-testimonial\" data-id=\"910d027\" data-element_type=\"widget\" data-e-type=\"widget\" data-widget_type=\"testimonial.default\">\n\t\t\t\t<div class=\"elementor-widget-container\">\n\t\t\t\t\t\t\t<div class=\"elementor-testimonial-wrapper\">\n\t\t\t\t\t\t\t<div class=\"elementor-testimonial-content\">\" Je recommande Tolisol.  Le travail r\u00e9alis\u00e9 est de qualit\u00e9  et les d\u00e9lais ont \u00e9t\u00e9 respect\u00e9s. \" <\/div>\n\t\t\t\n\t\t\t\t\t\t<div class=\"elementor-testimonial-meta elementor-has-image elementor-testimonial-image-position-aside\">\n\t\t\t\t<div class=\"elementor-testimonial-meta-inner\">\n\t\t\t\t\t\t\t\t\t\t\t<div class=\"elementor-testimonial-image\">\n\t\t\t\t\t\t\t<img decoding=\"async\" width=\"614\" height=\"1024\" src=\"https:\/\/tolisol.fr\/wp-content\/uploads\/2021\/10\/selfie-face-portrait-543366-614x1024.jpg\" class=\"attachment-large size-large wp-image-1536\" alt=\"selfie, face, portrait\" srcset=\"https:\/\/tolisol.fr\/wp-content\/uploads\/2021\/10\/selfie-face-portrait-543366-614x1024.jpg 614w, https:\/\/tolisol.fr\/wp-content\/uploads\/2021\/10\/selfie-face-portrait-543366-180x300.jpg 180w, https:\/\/tolisol.fr\/wp-content\/uploads\/2021\/10\/selfie-face-portrait-543366.jpg 767w\" sizes=\"(max-width: 614px) 100vw, 614px\" \/>\t\t\t\t\t\t<\/div>\n\t\t\t\t\t\n\t\t\t\t\t\t\t\t\t\t<div class=\"elementor-testimonial-details\">\n\t\t\t\t\t\t\t\t\t\t\t\t\t\t<div class=\"elementor-testimonial-name\">Jean-Christophe D.<\/div>\n\t\t\t\t\t\t\t\t\t\t\t\t\t\t\t\t\t\t\t<\/div>\n\t\t\t\t\t\t\t\t\t<\/div>\n\t\t\t<\/div>\n\t\t\t\t\t<\/div>\n\t\t\t\t\t\t<\/div>\n\t\t\t\t<\/div>\n\t\t\t\t\t<\/div>\n\t\t<\/div>\n\t\t\t\t\t<\/div>\n\t\t<\/section>\n\t\t\t\t\t<\/div>\n\t\t<\/div>\n\t\t\t\t\t<\/div>\n\t\t<\/section>\n\t\t\t\t<\/div>\n\t\t","protected":false},"excerpt":{"rendered":"<p>clients satisfaits T\u00e9moignages Nous n&rsquo;avons Pas Besoin de Parler! Nos Clients le Font Pour Nous \u00ab\u00a0J\u2019ai sollicit\u00e9 Tolisol dans le cadre de la r\u00e9alisation d\u2019un garde-corps en fer forg\u00e9. De l\u2019\u00e9tude sur le terrain jusqu\u2019au montage final, un professionnalisme et un s\u00e9rieux exemplaires ont \u00e9t\u00e9 d\u00e9montr\u00e9s. Les prestations r\u00e9alis\u00e9es sont \u00e0 la hauteur des attentes [&hellip;]<\/p>\n","protected":false},"author":1,"featured_media":0,"parent":0,"menu_order":0,"comment_status":"closed","ping_status":"closed","template":"","meta":{"site-sidebar-layout":"no-sidebar","site-content-layout":"page-builder","ast-site-content-layout":"default","site-content-style":"default","site-sidebar-style":"default","ast-global-header-display":"","ast-banner-title-visibility":"","ast-main-header-display":"","ast-hfb-above-header-display":"","ast-hfb-below-header-display":"","ast-hfb-mobile-header-display":"","site-post-title":"disabled","ast-breadcrumbs-content":"","ast-featured-img":"disabled","footer-sml-layout":"","ast-disable-related-posts":"","theme-transparent-header-meta":"enabled","adv-header-id-meta":"","stick-header-meta":"","header-above-stick-meta":"","header-main-stick-meta":"","header-below-stick-meta":"","astra-migrate-meta-layouts":"default","ast-page-background-enabled":"default","ast-page-background-meta":{"desktop":{"background-color":"var(--ast-global-color-4)","background-image":"","background-repeat":"repeat","background-position":"center center","background-size":"auto","background-attachment":"scroll","background-type":"","background-media":"","overlay-type":"","overlay-color":"","overlay-opacity":"","overlay-gradient":""},"tablet":{"background-color":"","background-image":"","background-repeat":"repeat","background-position":"center center","background-size":"auto","background-attachment":"scroll","background-type":"","background-media":"","overlay-type":"","overlay-color":"","overlay-opacity":"","overlay-gradient":""},"mobile":{"background-color":"","background-image":"","background-repeat":"repeat","background-position":"center center","background-size":"auto","background-attachment":"scroll","background-type":"","background-media":"","overlay-type":"","overlay-color":"","overlay-opacity":"","overlay-gradient":""}},"ast-content-background-meta":{"desktop":{"background-color":"var(--ast-global-color-5)","background-image":"","background-repeat":"repeat","background-position":"center center","background-size":"auto","background-attachment":"scroll","background-type":"","background-media":"","overlay-type":"","overlay-color":"","overlay-opacity":"","overlay-gradient":""},"tablet":{"background-color":"var(--ast-global-color-5)","background-image":"","background-repeat":"repeat","background-position":"center center","background-size":"auto","background-attachment":"scroll","background-type":"","background-media":"","overlay-type":"","overlay-color":"","overlay-opacity":"","overlay-gradient":""},"mobile":{"background-color":"var(--ast-global-color-5)","background-image":"","background-repeat":"repeat","background-position":"center center","background-size":"auto","background-attachment":"scroll","background-type":"","background-media":"","overlay-type":"","overlay-color":"","overlay-opacity":"","overlay-gradient":""}},"_themeisle_gutenberg_block_has_review":false,"footnotes":""},"class_list":["post-16","page","type-page","status-publish","hentry"],"yoast_head":"<!-- This site is optimized with the Yoast SEO plugin v27.1.1 - https:\/\/yoast.com\/product\/yoast-seo-wordpress\/ -->\n<title>Testimonials -<\/title>\n<meta name=\"robots\" content=\"index, follow, max-snippet:-1, max-image-preview:large, max-video-preview:-1\" \/>\n<link rel=\"canonical\" href=\"https:\/\/tolisol.fr\/index.php\/testimonials\/\" \/>\n<meta property=\"og:locale\" content=\"fr_FR\" \/>\n<meta property=\"og:type\" content=\"article\" \/>\n<meta property=\"og:title\" content=\"Testimonials -\" \/>\n<meta property=\"og:description\" content=\"clients satisfaits T\u00e9moignages Nous n&rsquo;avons Pas Besoin de Parler! Nos Clients le Font Pour Nous \u00ab\u00a0J\u2019ai sollicit\u00e9 Tolisol dans le cadre de la r\u00e9alisation d\u2019un garde-corps en fer forg\u00e9. De l\u2019\u00e9tude sur le terrain jusqu\u2019au montage final, un professionnalisme et un s\u00e9rieux exemplaires ont \u00e9t\u00e9 d\u00e9montr\u00e9s. Les prestations r\u00e9alis\u00e9es sont \u00e0 la hauteur des attentes [&hellip;]\" \/>\n<meta property=\"og:url\" content=\"https:\/\/tolisol.fr\/index.php\/testimonials\/\" \/>\n<meta property=\"article:modified_time\" content=\"2026-03-04T06:59:36+00:00\" \/>\n<meta property=\"og:image\" content=\"https:\/\/tolisol.fr\/wp-content\/uploads\/2021\/10\/pexels-daniel-xavier-1121796-1024x683.jpg\" \/>\n<meta name=\"twitter:card\" content=\"summary_large_image\" \/>\n<meta name=\"twitter:label1\" content=\"Dur\u00e9e de lecture estim\u00e9e\" \/>\n\t<meta name=\"twitter:data1\" content=\"2 minutes\" \/>\n<script type=\"application\/ld+json\" class=\"yoast-schema-graph\">{\"@context\":\"https:\/\/schema.org\",\"@graph\":[{\"@type\":\"WebPage\",\"@id\":\"https:\/\/tolisol.fr\/index.php\/testimonials\/\",\"url\":\"https:\/\/tolisol.fr\/index.php\/testimonials\/\",\"name\":\"Testimonials -\",\"isPartOf\":{\"@id\":\"https:\/\/tolisol.fr\/#website\"},\"primaryImageOfPage\":{\"@id\":\"https:\/\/tolisol.fr\/index.php\/testimonials\/#primaryimage\"},\"image\":{\"@id\":\"https:\/\/tolisol.fr\/index.php\/testimonials\/#primaryimage\"},\"thumbnailUrl\":\"https:\/\/tolisol.fr\/wp-content\/uploads\/2021\/10\/pexels-daniel-xavier-1121796-1024x683.jpg\",\"datePublished\":\"2018-10-04T07:26:35+00:00\",\"dateModified\":\"2026-03-04T06:59:36+00:00\",\"breadcrumb\":{\"@id\":\"https:\/\/tolisol.fr\/index.php\/testimonials\/#breadcrumb\"},\"inLanguage\":\"fr-FR\",\"potentialAction\":[{\"@type\":\"ReadAction\",\"target\":[\"https:\/\/tolisol.fr\/index.php\/testimonials\/\"]}]},{\"@type\":\"ImageObject\",\"inLanguage\":\"fr-FR\",\"@id\":\"https:\/\/tolisol.fr\/index.php\/testimonials\/#primaryimage\",\"url\":\"https:\/\/tolisol.fr\/wp-content\/uploads\/2021\/10\/pexels-daniel-xavier-1121796-1024x683.jpg\",\"contentUrl\":\"https:\/\/tolisol.fr\/wp-content\/uploads\/2021\/10\/pexels-daniel-xavier-1121796-1024x683.jpg\"},{\"@type\":\"BreadcrumbList\",\"@id\":\"https:\/\/tolisol.fr\/index.php\/testimonials\/#breadcrumb\",\"itemListElement\":[{\"@type\":\"ListItem\",\"position\":1,\"name\":\"Accueil\",\"item\":\"https:\/\/tolisol.fr\/\"},{\"@type\":\"ListItem\",\"position\":2,\"name\":\"Testimonials\"}]},{\"@type\":\"WebSite\",\"@id\":\"https:\/\/tolisol.fr\/#website\",\"url\":\"https:\/\/tolisol.fr\/\",\"name\":\"\",\"description\":\"Isolation Calorifuge\",\"publisher\":{\"@id\":\"https:\/\/tolisol.fr\/#organization\"},\"potentialAction\":[{\"@type\":\"SearchAction\",\"target\":{\"@type\":\"EntryPoint\",\"urlTemplate\":\"https:\/\/tolisol.fr\/?s={search_term_string}\"},\"query-input\":{\"@type\":\"PropertyValueSpecification\",\"valueRequired\":true,\"valueName\":\"search_term_string\"}}],\"inLanguage\":\"fr-FR\"},{\"@type\":\"Organization\",\"@id\":\"https:\/\/tolisol.fr\/#organization\",\"name\":\"K. ISOLATION CALORIFUGE\",\"url\":\"https:\/\/tolisol.fr\/\",\"logo\":{\"@type\":\"ImageObject\",\"inLanguage\":\"fr-FR\",\"@id\":\"https:\/\/tolisol.fr\/#\/schema\/logo\/image\/\",\"url\":\"https:\/\/tolisol.fr\/wp-content\/uploads\/2020\/11\/logo.png\",\"contentUrl\":\"https:\/\/tolisol.fr\/wp-content\/uploads\/2020\/11\/logo.png\",\"width\":751,\"height\":111,\"caption\":\"K. ISOLATION CALORIFUGE\"},\"image\":{\"@id\":\"https:\/\/tolisol.fr\/#\/schema\/logo\/image\/\"},\"sameAs\":[\"https:\/\/fr.linkedin.com\/in\/youssef-koussa-865472115\"]}]}<\/script>\n<!-- \/ Yoast SEO plugin. -->","yoast_head_json":{"title":"Testimonials -","robots":{"index":"index","follow":"follow","max-snippet":"max-snippet:-1","max-image-preview":"max-image-preview:large","max-video-preview":"max-video-preview:-1"},"canonical":"https:\/\/tolisol.fr\/index.php\/testimonials\/","og_locale":"fr_FR","og_type":"article","og_title":"Testimonials -","og_description":"clients satisfaits T\u00e9moignages Nous n&rsquo;avons Pas Besoin de Parler! Nos Clients le Font Pour Nous \u00ab\u00a0J\u2019ai sollicit\u00e9 Tolisol dans le cadre de la r\u00e9alisation d\u2019un garde-corps en fer forg\u00e9. De l\u2019\u00e9tude sur le terrain jusqu\u2019au montage final, un professionnalisme et un s\u00e9rieux exemplaires ont \u00e9t\u00e9 d\u00e9montr\u00e9s. Les prestations r\u00e9alis\u00e9es sont \u00e0 la hauteur des attentes [&hellip;]","og_url":"https:\/\/tolisol.fr\/index.php\/testimonials\/","article_modified_time":"2026-03-04T06:59:36+00:00","og_image":[{"url":"https:\/\/tolisol.fr\/wp-content\/uploads\/2021\/10\/pexels-daniel-xavier-1121796-1024x683.jpg","type":"","width":"","height":""}],"twitter_card":"summary_large_image","twitter_misc":{"Dur\u00e9e de lecture estim\u00e9e":"2 minutes"},"schema":{"@context":"https:\/\/schema.org","@graph":[{"@type":"WebPage","@id":"https:\/\/tolisol.fr\/index.php\/testimonials\/","url":"https:\/\/tolisol.fr\/index.php\/testimonials\/","name":"Testimonials -","isPartOf":{"@id":"https:\/\/tolisol.fr\/#website"},"primaryImageOfPage":{"@id":"https:\/\/tolisol.fr\/index.php\/testimonials\/#primaryimage"},"image":{"@id":"https:\/\/tolisol.fr\/index.php\/testimonials\/#primaryimage"},"thumbnailUrl":"https:\/\/tolisol.fr\/wp-content\/uploads\/2021\/10\/pexels-daniel-xavier-1121796-1024x683.jpg","datePublished":"2018-10-04T07:26:35+00:00","dateModified":"2026-03-04T06:59:36+00:00","breadcrumb":{"@id":"https:\/\/tolisol.fr\/index.php\/testimonials\/#breadcrumb"},"inLanguage":"fr-FR","potentialAction":[{"@type":"ReadAction","target":["https:\/\/tolisol.fr\/index.php\/testimonials\/"]}]},{"@type":"ImageObject","inLanguage":"fr-FR","@id":"https:\/\/tolisol.fr\/index.php\/testimonials\/#primaryimage","url":"https:\/\/tolisol.fr\/wp-content\/uploads\/2021\/10\/pexels-daniel-xavier-1121796-1024x683.jpg","contentUrl":"https:\/\/tolisol.fr\/wp-content\/uploads\/2021\/10\/pexels-daniel-xavier-1121796-1024x683.jpg"},{"@type":"BreadcrumbList","@id":"https:\/\/tolisol.fr\/index.php\/testimonials\/#breadcrumb","itemListElement":[{"@type":"ListItem","position":1,"name":"Accueil","item":"https:\/\/tolisol.fr\/"},{"@type":"ListItem","position":2,"name":"Testimonials"}]},{"@type":"WebSite","@id":"https:\/\/tolisol.fr\/#website","url":"https:\/\/tolisol.fr\/","name":"","description":"Isolation Calorifuge","publisher":{"@id":"https:\/\/tolisol.fr\/#organization"},"potentialAction":[{"@type":"SearchAction","target":{"@type":"EntryPoint","urlTemplate":"https:\/\/tolisol.fr\/?s={search_term_string}"},"query-input":{"@type":"PropertyValueSpecification","valueRequired":true,"valueName":"search_term_string"}}],"inLanguage":"fr-FR"},{"@type":"Organization","@id":"https:\/\/tolisol.fr\/#organization","name":"K. ISOLATION CALORIFUGE","url":"https:\/\/tolisol.fr\/","logo":{"@type":"ImageObject","inLanguage":"fr-FR","@id":"https:\/\/tolisol.fr\/#\/schema\/logo\/image\/","url":"https:\/\/tolisol.fr\/wp-content\/uploads\/2020\/11\/logo.png","contentUrl":"https:\/\/tolisol.fr\/wp-content\/uploads\/2020\/11\/logo.png","width":751,"height":111,"caption":"K. ISOLATION CALORIFUGE"},"image":{"@id":"https:\/\/tolisol.fr\/#\/schema\/logo\/image\/"},"sameAs":["https:\/\/fr.linkedin.com\/in\/youssef-koussa-865472115"]}]}},"_links":{"self":[{"href":"https:\/\/tolisol.fr\/index.php\/wp-json\/wp\/v2\/pages\/16","targetHints":{"allow":["GET"]}}],"collection":[{"href":"https:\/\/tolisol.fr\/index.php\/wp-json\/wp\/v2\/pages"}],"about":[{"href":"https:\/\/tolisol.fr\/index.php\/wp-json\/wp\/v2\/types\/page"}],"author":[{"embeddable":true,"href":"https:\/\/tolisol.fr\/index.php\/wp-json\/wp\/v2\/users\/1"}],"replies":[{"embeddable":true,"href":"https:\/\/tolisol.fr\/index.php\/wp-json\/wp\/v2\/comments?post=16"}],"version-history":[{"count":15,"href":"https:\/\/tolisol.fr\/index.php\/wp-json\/wp\/v2\/pages\/16\/revisions"}],"predecessor-version":[{"id":1710,"href":"https:\/\/tolisol.fr\/index.php\/wp-json\/wp\/v2\/pages\/16\/revisions\/1710"}],"wp:attachment":[{"href":"https:\/\/tolisol.fr\/index.php\/wp-json\/wp\/v2\/media?parent=16"}],"curies":[{"name":"wp","href":"https:\/\/api.w.org\/{rel}","templated":true}]}}